{"id":2888,"date":"2017-12-17T06:31:19","date_gmt":"2017-12-17T06:31:19","guid":{"rendered":"https:\/\/stogrupo.com.br\/site\/home\/"},"modified":"2022-03-21T20:51:17","modified_gmt":"2022-03-21T20:51:17","slug":"home","status":"publish","type":"page","link":"https:\/\/stogrupo.com.br\/site\/","title":{"rendered":"Home"},"content":{"rendered":"\t\t<div data-elementor-type=\"wp-page\" data-elementor-id=\"2888\" class=\"elementor elementor-2888\" data-elementor-settings=\"[]\">\n\t\t\t\t\t\t\t<div class=\"elementor-section-wrap\">\n\t\t\t\t\t\t\t<section class=\"elementor-section elementor-top-section elementor-element elementor-element-5ffd1adc elementor-section-boxed elementor-section-height-default elementor-section-height-default\" data-id=\"5ffd1adc\" data-element_type=\"section\" data-settings=\"{&quot;background_background&quot;:&quot;classic&quot;}\">\n\t\t\t\t\t\t\t<div class=\"elementor-background-overlay\"><\/div>\n\t\t\t\t\t\t\t<div class=\"elementor-container elementor-column-gap-default\">\n\t\t\t\t\t<div class=\"elementor-column elementor-col-100 elementor-top-column elementor-element elementor-element-b97af61\" data-id=\"b97af61\" data-element_type=\"column\">\n\t\t\t<div class=\"elementor-widget-wrap\">\n\t\t\t\t\t\t\t\t\t<\/div>\n\t\t<\/div>\n\t\t\t\t\t\t\t<\/div>\n\t\t<\/section>\n\t\t\t\t<section class=\"elementor-section elementor-top-section elementor-element elementor-element-51d346dc elementor-section-boxed elementor-section-height-default elementor-section-height-default\" data-id=\"51d346dc\" data-element_type=\"section\">\n\t\t\t\t\t\t<div class=\"elementor-container elementor-column-gap-default\">\n\t\t\t\t\t<div class=\"elementor-column elementor-col-100 elementor-top-column elementor-element elementor-element-31f86f84\" data-id=\"31f86f84\" data-element_type=\"column\">\n\t\t\t<div class=\"elementor-widget-wrap elementor-element-populated\">\n\t\t\t\t\t\t\t\t<div class=\"elementor-element elementor-element-5997d09d elementor-arrows-position-outside elementor-widget elementor-widget-image-carousel\" data-id=\"5997d09d\" data-element_type=\"widget\" data-settings=\"{&quot;slides_to_show&quot;:&quot;5&quot;,&quot;slides_to_show_tablet&quot;:&quot;3&quot;,&quot;slides_to_show_mobile&quot;:&quot;2&quot;,&quot;slides_to_scroll_tablet&quot;:&quot;1&quot;,&quot;slides_to_scroll_mobile&quot;:&quot;1&quot;,&quot;navigation&quot;:&quot;arrows&quot;,&quot;autoplay&quot;:&quot;yes&quot;,&quot;pause_on_hover&quot;:&quot;yes&quot;,&quot;pause_on_interaction&quot;:&quot;yes&quot;,&quot;autoplay_speed&quot;:5000,&quot;infinite&quot;:&quot;yes&quot;,&quot;speed&quot;:500,&quot;image_spacing_custom&quot;:{&quot;unit&quot;:&quot;px&quot;,&quot;size&quot;:20,&quot;sizes&quot;:[]}}\" data-widget_type=\"image-carousel.default\">\n\t\t\t\t<div class=\"elementor-widget-container\">\n\t\t\t<style>\/*! elementor - v3.5.4 - 23-01-2022 *\/\n.elementor-widget-image-carousel .swiper-container{position:static}.elementor-widget-image-carousel .swiper-container .swiper-slide figure{line-height:inherit}.elementor-widget-image-carousel .swiper-slide{text-align:center}.elementor-image-carousel-wrapper:not(.swiper-container-initialized) .swiper-slide{max-width:calc(100% \/ var(--e-image-carousel-slides-to-show, 3))}<\/style>\t\t<div class=\"elementor-image-carousel-wrapper swiper-container\" dir=\"ltr\">\n\t\t\t<div class=\"elementor-image-carousel swiper-wrapper\">\n\t\t\t\t\t\t\t\t<div class=\"swiper-slide\"><figure class=\"swiper-slide-inner\"><img class=\"swiper-slide-image\" src=\"https:\/\/stogrupo.com.br\/site\/wp-content\/uploads\/elementor\/thumbs\/Logo-Acrilex-quadrado-pmcf6f1esjqub0byerbevrl7fvtl8b0xrgemyt1bvg.png\" alt=\"Logo Acrilex quadrado\" \/><\/figure><\/div><div class=\"swiper-slide\"><figure class=\"swiper-slide-inner\"><img class=\"swiper-slide-image\" src=\"https:\/\/stogrupo.com.br\/site\/wp-content\/uploads\/elementor\/thumbs\/Logo-Arthi-quadrado-pmcf6f1esjqub0byerbevrl7fvtl8b0xrgemyt1bvg.png\" alt=\"Logo Arthi quadrado\" \/><\/figure><\/div><div class=\"swiper-slide\"><figure class=\"swiper-slide-inner\"><img class=\"swiper-slide-image\" src=\"https:\/\/stogrupo.com.br\/site\/wp-content\/uploads\/elementor\/thumbs\/Logo-Bic-quadrado-pmcf6f1esjqub0byerbevrl7fvtl8b0xrgemyt1bvg.png\" alt=\"Logo Bic quadrado\" \/><\/figure><\/div><div class=\"swiper-slide\"><figure class=\"swiper-slide-inner\"><img class=\"swiper-slide-image\" src=\"https:\/\/stogrupo.com.br\/site\/wp-content\/uploads\/elementor\/thumbs\/Logo-calesita-quadrado-pmcf6f1esjqub0byerbevrl7fvtl8b0xrgemyt1bvg.jpg\" alt=\"Logo calesita quadrado\" \/><\/figure><\/div><div class=\"swiper-slide\"><figure class=\"swiper-slide-inner\"><img class=\"swiper-slide-image\" src=\"https:\/\/stogrupo.com.br\/site\/wp-content\/uploads\/elementor\/thumbs\/Logo-Cis-quadrado-pmcf6f1esjqub0byerbevrl7fvtl8b0xrgemyt1bvg.jpg\" alt=\"Logo Cis quadrado\" \/><\/figure><\/div><div class=\"swiper-slide\"><figure class=\"swiper-slide-inner\"><img class=\"swiper-slide-image\" src=\"https:\/\/stogrupo.com.br\/site\/wp-content\/uploads\/elementor\/thumbs\/Logo_compactor-quadrado-pmcf6f1esjqub0byerbevrl7fvtl8b0xrgemyt1bvg.png\" alt=\"Logo_compactor quadrado\" \/><\/figure><\/div><div class=\"swiper-slide\"><figure class=\"swiper-slide-inner\"><img class=\"swiper-slide-image\" src=\"https:\/\/stogrupo.com.br\/site\/wp-content\/uploads\/elementor\/thumbs\/Logo-Estrela-quadrado-pmcf6f1esjqub0byerbevrl7fvtl8b0xrgemyt1c2o.png\" alt=\"Logo Estrela quadrado\" \/><\/figure><\/div><div class=\"swiper-slide\"><figure class=\"swiper-slide-inner\"><img class=\"swiper-slide-image\" src=\"https:\/\/stogrupo.com.br\/site\/wp-content\/uploads\/elementor\/thumbs\/Logo-Faber-Castel-quadrado-pmcf6f1esjqub0byerbevrl7fvtl8b0xrgemyt1bvg.png\" alt=\"Logo Faber Castel quadrado\" \/><\/figure><\/div><div class=\"swiper-slide\"><figure class=\"swiper-slide-inner\"><img class=\"swiper-slide-image\" src=\"https:\/\/stogrupo.com.br\/site\/wp-content\/uploads\/elementor\/thumbs\/Logo-Jaguar-quadrado-pmcf6f1esjqub0byerbevrl7fvtl8b0xrgemyt1bvg.png\" alt=\"Logo Jaguar quadrado\" \/><\/figure><\/div><div class=\"swiper-slide\"><figure class=\"swiper-slide-inner\"><img class=\"swiper-slide-image\" src=\"https:\/\/stogrupo.com.br\/site\/wp-content\/uploads\/elementor\/thumbs\/Logo-matel-quadrado-pmcf6f1esjqub0byerbevrl7fvtl8b0xrgemyt1bvg.png\" alt=\"Logo matel quadrado\" \/><\/figure><\/div><div class=\"swiper-slide\"><figure class=\"swiper-slide-inner\"><img class=\"swiper-slide-image\" src=\"https:\/\/stogrupo.com.br\/site\/wp-content\/uploads\/elementor\/thumbs\/Logo-milk-quadrado-pmcf6f1esjqub0byerbevrl7fvtl8b0xrgemyt1bma.png\" alt=\"Logo milk quadrado\" \/><\/figure><\/div><div class=\"swiper-slide\"><figure class=\"swiper-slide-inner\"><img class=\"swiper-slide-image\" src=\"https:\/\/stogrupo.com.br\/site\/wp-content\/uploads\/elementor\/thumbs\/Logo-Martinazzo-quadrado-pmcf6f1esjqub0byerbevrl7fvtl8b0xrgemyt1bn4.jpg\" alt=\"Logo Martinazzo quadrado\" \/><\/figure><\/div><div class=\"swiper-slide\"><figure class=\"swiper-slide-inner\"><img class=\"swiper-slide-image\" src=\"https:\/\/stogrupo.com.br\/site\/wp-content\/uploads\/elementor\/thumbs\/Logo-Plasutil-quadrado-pmcf6f1esjqub0byerbevrl7fvtl8b0xrgemyt1bvg.png\" alt=\"Logo Plasutil quadrado\" \/><\/figure><\/div><div class=\"swiper-slide\"><figure class=\"swiper-slide-inner\"><img class=\"swiper-slide-image\" src=\"https:\/\/stogrupo.com.br\/site\/wp-content\/uploads\/elementor\/thumbs\/Logo-Rischioto-quadrado-pmcf6f1esjqub0byerbevrl7fvtl8b0xrgemyt1bvg.png\" alt=\"Logo Rischioto quadrado\" \/><\/figure><\/div><div class=\"swiper-slide\"><figure class=\"swiper-slide-inner\"><img class=\"swiper-slide-image\" src=\"https:\/\/stogrupo.com.br\/site\/wp-content\/uploads\/elementor\/thumbs\/Logo-usual-quadrado-pmcf6f1esjqub0byerbevrl7fvtl8b0xrgemyt1bvg.png\" alt=\"Logo usual quadrado\" \/><\/figure><\/div>\t\t\t<\/div>\n\t\t\t\t\t\t\t\t\t\t\t\t\t\t\t\t<div class=\"elementor-swiper-button elementor-swiper-button-prev\">\n\t\t\t\t\t\t<i aria-hidden=\"true\" class=\"eicon-chevron-left\"><\/i>\t\t\t\t\t\t<span class=\"elementor-screen-only\">Anterior<\/span>\n\t\t\t\t\t<\/div>\n\t\t\t\t\t<div class=\"elementor-swiper-button elementor-swiper-button-next\">\n\t\t\t\t\t\t<i aria-hidden=\"true\" class=\"eicon-chevron-right\"><\/i>\t\t\t\t\t\t<span class=\"elementor-screen-only\">Seguinte<\/span>\n\t\t\t\t\t<\/div>\n\t\t\t\t\t\t\t\t\t<\/div>\n\t\t\t\t<\/div>\n\t\t\t\t<\/div>\n\t\t\t\t\t<\/div>\n\t\t<\/div>\n\t\t\t\t\t\t\t<\/div>\n\t\t<\/section>\n\t\t\t\t<section class=\"elementor-section elementor-top-section elementor-element elementor-element-2afe0c24 elementor-section-content-middle elementor-section-boxed elementor-section-height-default elementor-section-height-default\" data-id=\"2afe0c24\" data-element_type=\"section\" data-settings=\"{&quot;background_background&quot;:&quot;classic&quot;}\">\n\t\t\t\t\t\t<div class=\"elementor-container elementor-column-gap-default\">\n\t\t\t\t\t<div class=\"elementor-column elementor-col-100 elementor-top-column elementor-element elementor-element-532eb909\" data-id=\"532eb909\" data-element_type=\"column\">\n\t\t\t<div class=\"elementor-widget-wrap elementor-element-populated\">\n\t\t\t\t\t\t\t\t<section class=\"elementor-section elementor-inner-section elementor-element elementor-element-58925fed elementor-section-boxed elementor-section-height-default elementor-section-height-default\" data-id=\"58925fed\" data-element_type=\"section\" data-settings=\"{&quot;background_background&quot;:&quot;classic&quot;}\">\n\t\t\t\t\t\t\t<div class=\"elementor-background-overlay\"><\/div>\n\t\t\t\t\t\t\t<div class=\"elementor-container elementor-column-gap-default\">\n\t\t\t\t\t<div class=\"elementor-column elementor-col-100 elementor-inner-column elementor-element elementor-element-7d4bbf6\" data-id=\"7d4bbf6\" data-element_type=\"column\">\n\t\t\t<div class=\"elementor-widget-wrap elementor-element-populated\">\n\t\t\t\t\t\t\t\t<div class=\"elementor-element elementor-element-9e6f260 elementor-widget elementor-widget-heading\" data-id=\"9e6f260\" data-element_type=\"widget\" data-widget_type=\"heading.default\">\n\t\t\t\t<div class=\"elementor-widget-container\">\n\t\t\t<style>\/*! elementor - v3.5.4 - 23-01-2022 *\/\n.elementor-heading-title{padding:0;margin:0;line-height:1}.elementor-widget-heading .elementor-heading-title[class*=elementor-size-]>a{color:inherit;font-size:inherit;line-height:inherit}.elementor-widget-heading .elementor-heading-title.elementor-size-small{font-size:15px}.elementor-widget-heading .elementor-heading-title.elementor-size-medium{font-size:19px}.elementor-widget-heading .elementor-heading-title.elementor-size-large{font-size:29px}.elementor-widget-heading .elementor-heading-title.elementor-size-xl{font-size:39px}.elementor-widget-heading .elementor-heading-title.elementor-size-xxl{font-size:59px}<\/style><h4 class=\"elementor-heading-title elementor-size-default\">Somos o<\/h4>\t\t<\/div>\n\t\t\t\t<\/div>\n\t\t\t\t<div class=\"elementor-element elementor-element-2d4a487 elementor-position-top elementor-vertical-align-top elementor-widget elementor-widget-image-box\" data-id=\"2d4a487\" data-element_type=\"widget\" data-widget_type=\"image-box.default\">\n\t\t\t\t<div class=\"elementor-widget-container\">\n\t\t\t<style>\/*! elementor - v3.5.4 - 23-01-2022 *\/\n.elementor-widget-image-box .elementor-image-box-content{width:100%}@media (min-width:768px){.elementor-widget-image-box.elementor-position-left .elementor-image-box-wrapper,.elementor-widget-image-box.elementor-position-right .elementor-image-box-wrapper{display:-webkit-box;display:-ms-flexbox;display:flex}.elementor-widget-image-box.elementor-position-right .elementor-image-box-wrapper{text-align:right;-webkit-box-orient:horizontal;-webkit-box-direction:reverse;-ms-flex-direction:row-reverse;flex-direction:row-reverse}.elementor-widget-image-box.elementor-position-left .elementor-image-box-wrapper{text-align:left;-webkit-box-orient:horizontal;-webkit-box-direction:normal;-ms-flex-direction:row;flex-direction:row}.elementor-widget-image-box.elementor-position-top .elementor-image-box-img{margin:auto}.elementor-widget-image-box.elementor-vertical-align-top .elementor-image-box-wrapper{-webkit-box-align:start;-ms-flex-align:start;align-items:flex-start}.elementor-widget-image-box.elementor-vertical-align-middle .elementor-image-box-wrapper{-webkit-box-align:center;-ms-flex-align:center;align-items:center}.elementor-widget-image-box.elementor-vertical-align-bottom .elementor-image-box-wrapper{-webkit-box-align:end;-ms-flex-align:end;align-items:flex-end}}@media (max-width:767px){.elementor-widget-image-box .elementor-image-box-img{margin-left:auto!important;margin-right:auto!important;margin-bottom:15px}}.elementor-widget-image-box .elementor-image-box-img{display:inline-block}.elementor-widget-image-box .elementor-image-box-title a{color:inherit}.elementor-widget-image-box .elementor-image-box-wrapper{text-align:center}.elementor-widget-image-box .elementor-image-box-description{margin:0}<\/style><div class=\"elementor-image-box-wrapper\"><div class=\"elementor-image-box-content\"><h2 class=\"elementor-image-box-title\">Grupo Santos<\/h2><p class=\"elementor-image-box-description\">O Grupo STO tem hist\u00f3ria, tradi\u00e7\u00e3o e for\u00e7a.\n<br \/>\nPor isso, quando olhar pra essa marca, <br \/>\nlembre-se que voc\u00ea est\u00e1 em casa.\n<br \/><br \/>\nSomos Grupo Santos. <br \/>\nSomos Atacad\u00e3o Santista. <br \/>\nSomos Grupo STO. \n<\/p><\/div><\/div>\t\t<\/div>\n\t\t\t\t<\/div>\n\t\t\t\t\t<\/div>\n\t\t<\/div>\n\t\t\t\t\t\t\t<\/div>\n\t\t<\/section>\n\t\t\t\t<section class=\"elementor-section elementor-inner-section elementor-element elementor-element-64a5d7df elementor-section-boxed elementor-section-height-default elementor-section-height-default\" data-id=\"64a5d7df\" data-element_type=\"section\">\n\t\t\t\t\t\t<div class=\"elementor-container elementor-column-gap-default\">\n\t\t\t\t\t<div class=\"elementor-column elementor-col-25 elementor-inner-column elementor-element elementor-element-22533a71\" data-id=\"22533a71\" data-element_type=\"column\">\n\t\t\t<div class=\"elementor-widget-wrap elementor-element-populated\">\n\t\t\t\t\t\t\t\t<div class=\"elementor-element elementor-element-6273c42b elementor-position-top elementor-vertical-align-top elementor-widget elementor-widget-image-box\" data-id=\"6273c42b\" data-element_type=\"widget\" data-widget_type=\"image-box.default\">\n\t\t\t\t<div class=\"elementor-widget-container\">\n\t\t\t<div class=\"elementor-image-box-wrapper\"><figure class=\"elementor-image-box-img\"><img width=\"120\" height=\"120\" src=\"https:\/\/stogrupo.com.br\/site\/wp-content\/uploads\/2018\/12\/globe-free-img.png\" class=\"attachment-full size-full\" alt=\"\" loading=\"lazy\" \/><\/figure><div class=\"elementor-image-box-content\"><h5 class=\"elementor-image-box-title\">Estamos perto de voc\u00ea:<\/h5><p class=\"elementor-image-box-description\">Angra dos Reis - Austin\nGuadalupe - Itabora\u00ed - Itagua\u00ed\nMadureira - Miguel Couto \nNil\u00f3polis - Nova Igua\u00e7u\nPavuna - Pilares\nRio de Janeiro  <\/p><\/div><\/div>\t\t<\/div>\n\t\t\t\t<\/div>\n\t\t\t\t\t<\/div>\n\t\t<\/div>\n\t\t\t\t<div class=\"elementor-column elementor-col-25 elementor-inner-column elementor-element elementor-element-7f174809\" data-id=\"7f174809\" data-element_type=\"column\">\n\t\t\t<div class=\"elementor-widget-wrap elementor-element-populated\">\n\t\t\t\t\t\t\t\t<div class=\"elementor-element elementor-element-2627ef51 elementor-position-top elementor-vertical-align-top elementor-widget elementor-widget-image-box\" data-id=\"2627ef51\" data-element_type=\"widget\" data-widget_type=\"image-box.default\">\n\t\t\t\t<div class=\"elementor-widget-container\">\n\t\t\t<div class=\"elementor-image-box-wrapper\"><figure class=\"elementor-image-box-img\"><img width=\"129\" height=\"129\" src=\"https:\/\/stogrupo.com.br\/site\/wp-content\/uploads\/2022\/01\/icone-lampada-o-que-precisa-inicio.png\" class=\"attachment-full size-full\" alt=\"\" loading=\"lazy\" \/><\/figure><div class=\"elementor-image-box-content\"><h5 class=\"elementor-image-box-title\">O que precisa est\u00e1 aqui<\/h5><p class=\"elementor-image-box-description\">Se procura por papelaria, brinquedos e utilidades, aqui \u00e9 o lugar certo!<\/p><\/div><\/div>\t\t<\/div>\n\t\t\t\t<\/div>\n\t\t\t\t\t<\/div>\n\t\t<\/div>\n\t\t\t\t<div class=\"elementor-column elementor-col-25 elementor-inner-column elementor-element elementor-element-15f8e79d\" data-id=\"15f8e79d\" data-element_type=\"column\">\n\t\t\t<div class=\"elementor-widget-wrap elementor-element-populated\">\n\t\t\t\t\t\t\t\t<div class=\"elementor-element elementor-element-33d5fff3 elementor-position-top elementor-vertical-align-top elementor-widget elementor-widget-image-box\" data-id=\"33d5fff3\" data-element_type=\"widget\" data-widget_type=\"image-box.default\">\n\t\t\t\t<div class=\"elementor-widget-container\">\n\t\t\t<div class=\"elementor-image-box-wrapper\"><figure class=\"elementor-image-box-img\"><img width=\"120\" height=\"120\" src=\"https:\/\/stogrupo.com.br\/site\/wp-content\/uploads\/2018\/12\/tag-free-img.png\" class=\"attachment-full size-full\" alt=\"\" loading=\"lazy\" \/><\/figure><div class=\"elementor-image-box-content\"><h5 class=\"elementor-image-box-title\">Temos as melhores promo\u00e7\u00f5es<\/h5><p class=\"elementor-image-box-description\">e oferecemos as melhores condi\u00e7\u00f5es para nossos clientes.<\/p><\/div><\/div>\t\t<\/div>\n\t\t\t\t<\/div>\n\t\t\t\t\t<\/div>\n\t\t<\/div>\n\t\t\t\t<div class=\"elementor-column elementor-col-25 elementor-inner-column elementor-element elementor-element-64309c0a\" data-id=\"64309c0a\" data-element_type=\"column\">\n\t\t\t<div class=\"elementor-widget-wrap elementor-element-populated\">\n\t\t\t\t\t\t\t\t<div class=\"elementor-element elementor-element-6f13cd14 elementor-position-top elementor-vertical-align-top elementor-widget elementor-widget-image-box\" data-id=\"6f13cd14\" data-element_type=\"widget\" data-widget_type=\"image-box.default\">\n\t\t\t\t<div class=\"elementor-widget-container\">\n\t\t\t<div class=\"elementor-image-box-wrapper\"><figure class=\"elementor-image-box-img\"><img width=\"120\" height=\"120\" src=\"https:\/\/stogrupo.com.br\/site\/wp-content\/uploads\/2018\/12\/lock-free-img.png\" class=\"attachment-full size-full\" alt=\"\" loading=\"lazy\" \/><\/figure><div class=\"elementor-image-box-content\"><h5 class=\"elementor-image-box-title\">Nosso site \u00e9 seguro<\/h5><p class=\"elementor-image-box-description\">O nosso cadeado de site seguro \u00e9 a garantia de compras online com segueran\u00e7a<\/p><\/div><\/div>\t\t<\/div>\n\t\t\t\t<\/div>\n\t\t\t\t\t<\/div>\n\t\t<\/div>\n\t\t\t\t\t\t\t<\/div>\n\t\t<\/section>\n\t\t\t\t<section class=\"elementor-section elementor-inner-section elementor-element elementor-element-3d2fe565 elementor-section-content-middle elementor-section-height-min-height elementor-section-boxed elementor-section-height-default\" data-id=\"3d2fe565\" data-element_type=\"section\" data-settings=\"{&quot;background_background&quot;:&quot;classic&quot;}\">\n\t\t\t\t\t\t<div class=\"elementor-container elementor-column-gap-default\">\n\t\t\t\t\t<div class=\"elementor-column elementor-col-33 elementor-inner-column elementor-element elementor-element-7020ec8e\" data-id=\"7020ec8e\" data-element_type=\"column\" data-settings=\"{&quot;background_background&quot;:&quot;classic&quot;}\">\n\t\t\t<div class=\"elementor-widget-wrap elementor-element-populated\">\n\t\t\t\t\t<div class=\"elementor-background-overlay\"><\/div>\n\t\t\t\t\t\t\t\t<div class=\"elementor-element elementor-element-f32534d elementor-position-top elementor-vertical-align-top elementor-widget elementor-widget-image-box\" data-id=\"f32534d\" data-element_type=\"widget\" data-widget_type=\"image-box.default\">\n\t\t\t\t<div class=\"elementor-widget-container\">\n\t\t\t<div class=\"elementor-image-box-wrapper\"><div class=\"elementor-image-box-content\"><h3 class=\"elementor-image-box-title\">Papelaria<\/h3><p class=\"elementor-image-box-description\">Tudo para seu escrit\u00f3rio e lar!<\/p><\/div><\/div>\t\t<\/div>\n\t\t\t\t<\/div>\n\t\t\t\t\t<\/div>\n\t\t<\/div>\n\t\t\t\t<div class=\"elementor-column elementor-col-33 elementor-inner-column elementor-element elementor-element-7f90fb31\" data-id=\"7f90fb31\" data-element_type=\"column\" data-settings=\"{&quot;background_background&quot;:&quot;classic&quot;}\">\n\t\t\t<div class=\"elementor-widget-wrap elementor-element-populated\">\n\t\t\t\t\t<div class=\"elementor-background-overlay\"><\/div>\n\t\t\t\t\t\t\t\t<div class=\"elementor-element elementor-element-a1daf3f elementor-position-top elementor-vertical-align-top elementor-widget elementor-widget-image-box\" data-id=\"a1daf3f\" data-element_type=\"widget\" data-widget_type=\"image-box.default\">\n\t\t\t\t<div class=\"elementor-widget-container\">\n\t\t\t<div class=\"elementor-image-box-wrapper\"><div class=\"elementor-image-box-content\"><h3 class=\"elementor-image-box-title\">Utilidades<\/h3><p class=\"elementor-image-box-description\">Variedade e pre\u00e7o em conta!<\/p><\/div><\/div>\t\t<\/div>\n\t\t\t\t<\/div>\n\t\t\t\t\t<\/div>\n\t\t<\/div>\n\t\t\t\t<div class=\"elementor-column elementor-col-33 elementor-inner-column elementor-element elementor-element-64b4e884\" data-id=\"64b4e884\" data-element_type=\"column\" data-settings=\"{&quot;background_background&quot;:&quot;classic&quot;}\">\n\t\t\t<div class=\"elementor-widget-wrap elementor-element-populated\">\n\t\t\t\t\t<div class=\"elementor-background-overlay\"><\/div>\n\t\t\t\t\t\t\t\t<div class=\"elementor-element elementor-element-2fa736e elementor-position-top elementor-vertical-align-top elementor-widget elementor-widget-image-box\" data-id=\"2fa736e\" data-element_type=\"widget\" data-widget_type=\"image-box.default\">\n\t\t\t\t<div class=\"elementor-widget-container\">\n\t\t\t<div class=\"elementor-image-box-wrapper\"><div class=\"elementor-image-box-content\"><h3 class=\"elementor-image-box-title\">Brinquedos<\/h3><p class=\"elementor-image-box-description\">Diversos tipos e para v\u00e1rias  idades<\/p><\/div><\/div>\t\t<\/div>\n\t\t\t\t<\/div>\n\t\t\t\t\t<\/div>\n\t\t<\/div>\n\t\t\t\t\t\t\t<\/div>\n\t\t<\/section>\n\t\t\t\t\t<\/div>\n\t\t<\/div>\n\t\t\t\t\t\t\t<\/div>\n\t\t<\/section>\n\t\t\t\t\t\t<\/div>\n\t\t\t\t\t<\/div>\n\t\t","protected":false},"excerpt":{"rendered":"<p>Anterior Seguinte Somos o Grupo Santos O Grupo STO tem hist\u00f3ria, tradi\u00e7\u00e3o e for\u00e7a. Por isso, quando olhar pra essa marca, lembre-se que voc\u00ea est\u00e1 em casa. Somos Grupo Santos. Somos Atacad\u00e3o Santista. Somos Grupo STO. Estamos perto de voc\u00ea: Angra dos Reis &#8211; Austin Guadalupe &#8211; Itabora\u00ed &#8211; Itagua\u00ed Madureira &#8211; Miguel Couto Nil\u00f3polis &hellip;<\/p>\n<p class=\"read-more\"> <a class=\"\" href=\"https:\/\/stogrupo.com.br\/site\/\"> <span class=\"screen-reader-text\">Home<\/span> Read More &raquo;<\/a><\/p>\n","protected":false},"author":1,"featured_media":0,"parent":0,"menu_order":0,"comment_status":"closed","ping_status":"closed","template":"","meta":{"site-sidebar-layout":"no-sidebar","site-content-layout":"page-builder","ast-main-header-display":"","ast-hfb-above-header-display":"","ast-hfb-below-header-display":"","ast-hfb-mobile-header-display":"","site-post-title":"disabled","ast-breadcrumbs-content":"","ast-featured-img":"disabled","footer-sml-layout":"","theme-transparent-header-meta":"enabled","adv-header-id-meta":"","stick-header-meta":"","header-above-stick-meta":"","header-main-stick-meta":"","header-below-stick-meta":""},"_links":{"self":[{"href":"https:\/\/stogrupo.com.br\/site\/wp-json\/wp\/v2\/pages\/2888"}],"collection":[{"href":"https:\/\/stogrupo.com.br\/site\/wp-json\/wp\/v2\/pages"}],"about":[{"href":"https:\/\/stogrupo.com.br\/site\/wp-json\/wp\/v2\/types\/page"}],"author":[{"embeddable":true,"href":"https:\/\/stogrupo.com.br\/site\/wp-json\/wp\/v2\/users\/1"}],"replies":[{"embeddable":true,"href":"https:\/\/stogrupo.com.br\/site\/wp-json\/wp\/v2\/comments?post=2888"}],"version-history":[{"count":139,"href":"https:\/\/stogrupo.com.br\/site\/wp-json\/wp\/v2\/pages\/2888\/revisions"}],"predecessor-version":[{"id":3354,"href":"https:\/\/stogrupo.com.br\/site\/wp-json\/wp\/v2\/pages\/2888\/revisions\/3354"}],"wp:attachment":[{"href":"https:\/\/stogrupo.com.br\/site\/wp-json\/wp\/v2\/media?parent=2888"}],"curies":[{"name":"wp","href":"https:\/\/api.w.org\/{rel}","templated":true}]}}